{"id":342,"date":"2024-02-22T09:30:22","date_gmt":"2024-02-22T08:30:22","guid":{"rendered":"https:\/\/anima-productions.com\/_clients\/lacarriere\/?page_id=342"},"modified":"2024-05-15T16:24:16","modified_gmt":"2024-05-15T14:24:16","slug":"verriere","status":"publish","type":"page","link":"https:\/\/lacarriere-events.com\/en\/our-spaces\/verriere\/","title":{"rendered":"Verri\u00e8re"},"content":{"rendered":"\n<p>Day or night, La Verri\u00e8re offers a relaxed and original setting for your corporate or cultural events. Adjacent to the Grande Halle, here you can welcome your participants and share a convivial moment around the bar or on the terrace, facing the lake. La Verri\u00e8re opens its doors to verdant, refreshing nature. The wherewithal to inspire you and fill up with fresh air!<\/p>\n\n\n\n<div class=\"wp-block-buttons is-layout-flex wp-block-buttons-is-layout-flex\">\n<div class=\"wp-block-button\"><a class=\"wp-block-button__link wp-element-button\" href=\"https:\/\/venue.lab-concepts.com\/lacarriere\/public\/resa\/newresa.php\" target=\"_blank\" rel=\"noreferrer noopener\">Book online<\/a><\/div>\n<\/div>\n\n\n<div class=\"CA23_CHIFFRES\"><div class=\"CA23_CHIFFRES_FLEX REVEAL\"><div class=\"CA23_LISTE_CHIFFRE\"><div class=\"titre\">Surface area<\/div><div class=\"chiffre\">216m<sup>2<\/sup><\/div><\/div><div class=\"CA23_LISTE_CHIFFRE\"><div class=\"titre\">Seated<\/div><div class=\"chiffre\">130<\/div><\/div><div class=\"CA23_LISTE_CHIFFRE\"><div class=\"titre\">Standing<\/div><div class=\"chiffre\">200<\/div><\/div><div class=\"CA23_LISTE_CHIFFRE\"><div class=\"titre\">Dining<\/div><div class=\"chiffre\">100<\/div><\/div><\/div><\/div>\n\n<div class=\"CA23_EQUIPEMENT\"><div class=\"CA23_BLOCK_TITRE REVEAL\">Services and facilities<\/div><div class=\"CA23_CHIFFRES_FLEX REVEAL\"><div class=\"CA23_LISTE_EQUIPEMENT\"><div class=\"equipement\">Cloakroom<\/div><\/div><div class=\"CA23_LISTE_EQUIPEMENT\"><div class=\"equipement\">Bar<\/div><\/div><div class=\"CA23_LISTE_EQUIPEMENT\"><div class=\"equipement\">Terrace<\/div><\/div><div class=\"CA23_LISTE_EQUIPEMENT\"><div class=\"equipement\">WiFi<\/div><\/div><div class=\"CA23_LISTE_EQUIPEMENT\"><div class=\"equipement\">Screens<\/div><\/div><div class=\"CA23_LISTE_EQUIPEMENT\"><div class=\"equipement\">Air-conditioning<\/div><\/div><div class=\"CA23_LISTE_EQUIPEMENT\"><div class=\"equipement\">Suitable for people with reduced mobility<\/div><\/div><div class=\"CA23_LISTE_EQUIPEMENT\"><div class=\"equipement\">Car park<\/div><\/div><\/div><\/div>","protected":false},"excerpt":{"rendered":"<p>Day or night, La Verri\u00e8re offers a relaxed and original setting for your corporate or cultural events. Adjacent to the Grande Halle, here you can welcome your participants and share a convivial moment around the bar or on the terrace, facing the lake. La Verri\u00e8re opens its doors to verdant, refreshing nature. The wherewithal to&hellip; <a class=\"more-link\" href=\"https:\/\/lacarriere-events.com\/en\/our-spaces\/verriere\/\">Continue reading <span class=\"screen-reader-text\">Verri\u00e8re<\/span><\/a><\/p>\n","protected":false},"author":1,"featured_media":256,"parent":351,"menu_order":80,"comment_status":"closed","ping_status":"closed","template":"","meta":{"_acf_changed":false,"_exactmetrics_skip_tracking":false,"_exactmetrics_sitenote_active":false,"_exactmetrics_sitenote_note":"","_exactmetrics_sitenote_category":0,"footnotes":""},"class_list":["post-342","page","type-page","status-publish","has-post-thumbnail","hentry","entry"],"acf":[],"yoast_head":"<!-- This site is optimized with the Yoast SEO plugin v27.1.1 - https:\/\/yoast.com\/product\/yoast-seo-wordpress\/ -->\n<title>Verri\u00e8re - La Carri\u00e8re<\/title>\n<meta name=\"robots\" content=\"index, follow, max-snippet:-1, max-image-preview:large, max-video-preview:-1\" \/>\n<link rel=\"canonical\" href=\"https:\/\/lacarriere-events.com\/en\/our-spaces\/verriere\/\" \/>\n<meta property=\"og:locale\" content=\"en_US\" \/>\n<meta property=\"og:type\" content=\"article\" \/>\n<meta property=\"og:title\" content=\"Verri\u00e8re - La Carri\u00e8re\" \/>\n<meta property=\"og:description\" content=\"Day or night, La Verri\u00e8re offers a relaxed and original setting for your corporate or cultural events. Adjacent to the Grande Halle, here you can welcome your participants and share a convivial moment around the bar or on the terrace, facing the lake. La Verri\u00e8re opens its doors to verdant, refreshing nature. The wherewithal to&hellip; Continue reading Verri\u00e8re\" \/>\n<meta property=\"og:url\" content=\"https:\/\/lacarriere-events.com\/en\/our-spaces\/verriere\/\" \/>\n<meta property=\"og:site_name\" content=\"La Carri\u00e8re\" \/>\n<meta property=\"article:modified_time\" content=\"2024-05-15T14:24:16+00:00\" \/>\n<meta property=\"og:image\" content=\"https:\/\/lacarriere-events.com\/wp-content\/uploads\/2024\/03\/verriere_14.jpg\" \/>\n\t<meta property=\"og:image:width\" content=\"1200\" \/>\n\t<meta property=\"og:image:height\" content=\"797\" \/>\n\t<meta property=\"og:image:type\" content=\"image\/jpeg\" \/>\n<meta name=\"twitter:card\" content=\"summary_large_image\" \/>\n<meta name=\"twitter:label1\" content=\"Est. reading time\" \/>\n\t<meta name=\"twitter:data1\" content=\"1 minute\" \/>\n<script type=\"application\/ld+json\" class=\"yoast-schema-graph\">{\"@context\":\"https:\/\/schema.org\",\"@graph\":[{\"@type\":\"WebPage\",\"@id\":\"https:\/\/lacarriere-events.com\/en\/our-spaces\/verriere\/\",\"url\":\"https:\/\/lacarriere-events.com\/en\/our-spaces\/verriere\/\",\"name\":\"Verri\u00e8re - La Carri\u00e8re\",\"isPartOf\":{\"@id\":\"https:\/\/lacarriere-events.com\/#website\"},\"primaryImageOfPage\":{\"@id\":\"https:\/\/lacarriere-events.com\/en\/our-spaces\/verriere\/#primaryimage\"},\"image\":{\"@id\":\"https:\/\/lacarriere-events.com\/en\/our-spaces\/verriere\/#primaryimage\"},\"thumbnailUrl\":\"https:\/\/lacarriere-events.com\/wp-content\/uploads\/2024\/03\/verriere_14.jpg\",\"datePublished\":\"2024-02-22T08:30:22+00:00\",\"dateModified\":\"2024-05-15T14:24:16+00:00\",\"breadcrumb\":{\"@id\":\"https:\/\/lacarriere-events.com\/en\/our-spaces\/verriere\/#breadcrumb\"},\"inLanguage\":\"en-US\",\"potentialAction\":[{\"@type\":\"ReadAction\",\"target\":[\"https:\/\/lacarriere-events.com\/en\/our-spaces\/verriere\/\"]}]},{\"@type\":\"ImageObject\",\"inLanguage\":\"en-US\",\"@id\":\"https:\/\/lacarriere-events.com\/en\/our-spaces\/verriere\/#primaryimage\",\"url\":\"https:\/\/lacarriere-events.com\/wp-content\/uploads\/2024\/03\/verriere_14.jpg\",\"contentUrl\":\"https:\/\/lacarriere-events.com\/wp-content\/uploads\/2024\/03\/verriere_14.jpg\",\"width\":1200,\"height\":797},{\"@type\":\"BreadcrumbList\",\"@id\":\"https:\/\/lacarriere-events.com\/en\/our-spaces\/verriere\/#breadcrumb\",\"itemListElement\":[{\"@type\":\"ListItem\",\"position\":1,\"name\":\"Accueil\",\"item\":\"https:\/\/lacarriere-events.com\/en\/\"},{\"@type\":\"ListItem\",\"position\":2,\"name\":\"Our spaces\",\"item\":\"https:\/\/lacarriere-events.com\/en\/our-spaces\/\"},{\"@type\":\"ListItem\",\"position\":3,\"name\":\"Verri\u00e8re\"}]},{\"@type\":\"WebSite\",\"@id\":\"https:\/\/lacarriere-events.com\/#website\",\"url\":\"https:\/\/lacarriere-events.com\/\",\"name\":\"La Carri\u00e8re\",\"description\":\"\",\"potentialAction\":[{\"@type\":\"SearchAction\",\"target\":{\"@type\":\"EntryPoint\",\"urlTemplate\":\"https:\/\/lacarriere-events.com\/?s={search_term_string}\"},\"query-input\":{\"@type\":\"PropertyValueSpecification\",\"valueRequired\":true,\"valueName\":\"search_term_string\"}}],\"inLanguage\":\"en-US\"}]}<\/script>\n<!-- \/ Yoast SEO plugin. -->","yoast_head_json":{"title":"Verri\u00e8re - La Carri\u00e8re","robots":{"index":"index","follow":"follow","max-snippet":"max-snippet:-1","max-image-preview":"max-image-preview:large","max-video-preview":"max-video-preview:-1"},"canonical":"https:\/\/lacarriere-events.com\/en\/our-spaces\/verriere\/","og_locale":"en_US","og_type":"article","og_title":"Verri\u00e8re - La Carri\u00e8re","og_description":"Day or night, La Verri\u00e8re offers a relaxed and original setting for your corporate or cultural events. Adjacent to the Grande Halle, here you can welcome your participants and share a convivial moment around the bar or on the terrace, facing the lake. La Verri\u00e8re opens its doors to verdant, refreshing nature. The wherewithal to&hellip; Continue reading Verri\u00e8re","og_url":"https:\/\/lacarriere-events.com\/en\/our-spaces\/verriere\/","og_site_name":"La Carri\u00e8re","article_modified_time":"2024-05-15T14:24:16+00:00","og_image":[{"width":1200,"height":797,"url":"https:\/\/lacarriere-events.com\/wp-content\/uploads\/2024\/03\/verriere_14.jpg","type":"image\/jpeg"}],"twitter_card":"summary_large_image","twitter_misc":{"Est. reading time":"1 minute"},"schema":{"@context":"https:\/\/schema.org","@graph":[{"@type":"WebPage","@id":"https:\/\/lacarriere-events.com\/en\/our-spaces\/verriere\/","url":"https:\/\/lacarriere-events.com\/en\/our-spaces\/verriere\/","name":"Verri\u00e8re - La Carri\u00e8re","isPartOf":{"@id":"https:\/\/lacarriere-events.com\/#website"},"primaryImageOfPage":{"@id":"https:\/\/lacarriere-events.com\/en\/our-spaces\/verriere\/#primaryimage"},"image":{"@id":"https:\/\/lacarriere-events.com\/en\/our-spaces\/verriere\/#primaryimage"},"thumbnailUrl":"https:\/\/lacarriere-events.com\/wp-content\/uploads\/2024\/03\/verriere_14.jpg","datePublished":"2024-02-22T08:30:22+00:00","dateModified":"2024-05-15T14:24:16+00:00","breadcrumb":{"@id":"https:\/\/lacarriere-events.com\/en\/our-spaces\/verriere\/#breadcrumb"},"inLanguage":"en-US","potentialAction":[{"@type":"ReadAction","target":["https:\/\/lacarriere-events.com\/en\/our-spaces\/verriere\/"]}]},{"@type":"ImageObject","inLanguage":"en-US","@id":"https:\/\/lacarriere-events.com\/en\/our-spaces\/verriere\/#primaryimage","url":"https:\/\/lacarriere-events.com\/wp-content\/uploads\/2024\/03\/verriere_14.jpg","contentUrl":"https:\/\/lacarriere-events.com\/wp-content\/uploads\/2024\/03\/verriere_14.jpg","width":1200,"height":797},{"@type":"BreadcrumbList","@id":"https:\/\/lacarriere-events.com\/en\/our-spaces\/verriere\/#breadcrumb","itemListElement":[{"@type":"ListItem","position":1,"name":"Accueil","item":"https:\/\/lacarriere-events.com\/en\/"},{"@type":"ListItem","position":2,"name":"Our spaces","item":"https:\/\/lacarriere-events.com\/en\/our-spaces\/"},{"@type":"ListItem","position":3,"name":"Verri\u00e8re"}]},{"@type":"WebSite","@id":"https:\/\/lacarriere-events.com\/#website","url":"https:\/\/lacarriere-events.com\/","name":"La Carri\u00e8re","description":"","potentialAction":[{"@type":"SearchAction","target":{"@type":"EntryPoint","urlTemplate":"https:\/\/lacarriere-events.com\/?s={search_term_string}"},"query-input":{"@type":"PropertyValueSpecification","valueRequired":true,"valueName":"search_term_string"}}],"inLanguage":"en-US"}]}},"_links":{"self":[{"href":"https:\/\/lacarriere-events.com\/en\/wp-json\/wp\/v2\/pages\/342","targetHints":{"allow":["GET"]}}],"collection":[{"href":"https:\/\/lacarriere-events.com\/en\/wp-json\/wp\/v2\/pages"}],"about":[{"href":"https:\/\/lacarriere-events.com\/en\/wp-json\/wp\/v2\/types\/page"}],"author":[{"embeddable":true,"href":"https:\/\/lacarriere-events.com\/en\/wp-json\/wp\/v2\/users\/1"}],"replies":[{"embeddable":true,"href":"https:\/\/lacarriere-events.com\/en\/wp-json\/wp\/v2\/comments?post=342"}],"version-history":[{"count":10,"href":"https:\/\/lacarriere-events.com\/en\/wp-json\/wp\/v2\/pages\/342\/revisions"}],"predecessor-version":[{"id":753,"href":"https:\/\/lacarriere-events.com\/en\/wp-json\/wp\/v2\/pages\/342\/revisions\/753"}],"up":[{"embeddable":true,"href":"https:\/\/lacarriere-events.com\/en\/wp-json\/wp\/v2\/pages\/351"}],"wp:featuredmedia":[{"embeddable":true,"href":"https:\/\/lacarriere-events.com\/en\/wp-json\/wp\/v2\/media\/256"}],"wp:attachment":[{"href":"https:\/\/lacarriere-events.com\/en\/wp-json\/wp\/v2\/media?parent=342"}],"curies":[{"name":"wp","href":"https:\/\/api.w.org\/{rel}","templated":true}]}}