{"id":332,"date":"2023-11-13T10:53:21","date_gmt":"2023-11-13T09:53:21","guid":{"rendered":"https:\/\/anima-productions.com\/_clients\/lacarriere\/?page_id=332"},"modified":"2024-05-13T16:54:56","modified_gmt":"2024-05-13T14:54:56","slug":"practical-information","status":"publish","type":"page","link":"https:\/\/lacarriere-events.com\/en\/practical-information\/","title":{"rendered":"Practical information"},"content":{"rendered":"\n<div class=\"wp-block-columns is-layout-flex wp-container-core-columns-is-layout-9d6595d7 wp-block-columns-is-layout-flex\">\n<div class=\"wp-block-column is-layout-flow wp-block-column-is-layout-flow\">\n<h2 class=\"wp-block-heading\" class=\"wp-block-heading\" id=\"come-to-la-carriere\">Come to La Carri\u00e8re<\/h2>\n\n\n\n<p>2 bis, rue du Souvenir Fran\u00e7ais<br>Saint-Herblain, 44 800<\/p>\n\n\n\n<div class=\"wp-block-buttons is-layout-flex wp-block-buttons-is-layout-flex\">\n<div class=\"wp-block-button\"><a class=\"wp-block-button__link wp-element-button\" href=\"https:\/\/www.google.fr\/maps\/dir\/\/2+bis,+rue+du+Souvenir+Fran%C3%A7ais+44+800+%E2%80%94+Saint-Herblain\/@47.234037,-1.5499264,15z?entry=ttu\" target=\"_blank\" rel=\"noreferrer noopener\">How to get there?<\/a><\/div>\n<\/div>\n<\/div>\n\n\n\n<div class=\"wp-block-column is-layout-flow wp-block-column-is-layout-flow\" style=\"flex-basis:600px\"><div class=\"wp-block-image\">\n<figure class=\"alignright size-full is-resized\"><img loading=\"lazy\" decoding=\"async\" width=\"2522\" height=\"2796\" src=\"https:\/\/lacarriere-events.com\/wp-content\/uploads\/2024\/05\/practical-information-plan-2.png\" alt=\"\" class=\"wp-image-745\" style=\"width:579px;height:auto\" srcset=\"https:\/\/lacarriere-events.com\/wp-content\/uploads\/2024\/05\/practical-information-plan-2.png 2522w, https:\/\/lacarriere-events.com\/wp-content\/uploads\/2024\/05\/practical-information-plan-2-271x300.png 271w, https:\/\/lacarriere-events.com\/wp-content\/uploads\/2024\/05\/practical-information-plan-2-924x1024.png 924w, https:\/\/lacarriere-events.com\/wp-content\/uploads\/2024\/05\/practical-information-plan-2-768x851.png 768w, https:\/\/lacarriere-events.com\/wp-content\/uploads\/2024\/05\/practical-information-plan-2-1385x1536.png 1385w, https:\/\/lacarriere-events.com\/wp-content\/uploads\/2024\/05\/practical-information-plan-2-1847x2048.png 1847w, https:\/\/lacarriere-events.com\/wp-content\/uploads\/2024\/05\/practical-information-plan-2-1568x1738.png 1568w, https:\/\/lacarriere-events.com\/wp-content\/uploads\/2024\/05\/practical-information-plan-2-1624x1800.png 1624w, https:\/\/lacarriere-events.com\/wp-content\/uploads\/2024\/05\/practical-information-plan-2-5x5.png 5w\" sizes=\"auto, (max-width: 2522px) 100vw, 2522px\" \/><\/figure>\n<\/div><\/div>\n<\/div>\n\n\n<div class=\"wp-block-image\">\n<figure class=\"aligncenter size-full\"><img loading=\"lazy\" decoding=\"async\" width=\"2441\" height=\"1422\" src=\"https:\/\/lacarriere-events.com\/wp-content\/uploads\/2024\/04\/plan-la-carriere-site-internet-anglais_plan-parking-anglais.png\" alt=\"\" class=\"wp-image-723\" srcset=\"https:\/\/lacarriere-events.com\/wp-content\/uploads\/2024\/04\/plan-la-carriere-site-internet-anglais_plan-parking-anglais.png 2441w, https:\/\/lacarriere-events.com\/wp-content\/uploads\/2024\/04\/plan-la-carriere-site-internet-anglais_plan-parking-anglais-300x175.png 300w, https:\/\/lacarriere-events.com\/wp-content\/uploads\/2024\/04\/plan-la-carriere-site-internet-anglais_plan-parking-anglais-1024x597.png 1024w, https:\/\/lacarriere-events.com\/wp-content\/uploads\/2024\/04\/plan-la-carriere-site-internet-anglais_plan-parking-anglais-768x447.png 768w, https:\/\/lacarriere-events.com\/wp-content\/uploads\/2024\/04\/plan-la-carriere-site-internet-anglais_plan-parking-anglais-1536x895.png 1536w, https:\/\/lacarriere-events.com\/wp-content\/uploads\/2024\/04\/plan-la-carriere-site-internet-anglais_plan-parking-anglais-2048x1193.png 2048w, https:\/\/lacarriere-events.com\/wp-content\/uploads\/2024\/04\/plan-la-carriere-site-internet-anglais_plan-parking-anglais-1568x913.png 1568w, https:\/\/lacarriere-events.com\/wp-content\/uploads\/2024\/04\/plan-la-carriere-site-internet-anglais_plan-parking-anglais-1800x1049.png 1800w, https:\/\/lacarriere-events.com\/wp-content\/uploads\/2024\/04\/plan-la-carriere-site-internet-anglais_plan-parking-anglais-5x3.png 5w\" sizes=\"auto, (max-width: 2441px) 100vw, 2441px\" \/><\/figure>\n<\/div>","protected":false},"excerpt":{"rendered":"<p>Come to La Carri\u00e8re 2 bis, rue du Souvenir Fran\u00e7aisSaint-Herblain, 44 800<\/p>\n","protected":false},"author":1,"featured_media":0,"parent":0,"menu_order":0,"comment_status":"closed","ping_status":"closed","template":"","meta":{"_acf_changed":false,"_exactmetrics_skip_tracking":false,"_exactmetrics_sitenote_active":false,"_exactmetrics_sitenote_note":"","_exactmetrics_sitenote_category":0,"footnotes":""},"class_list":["post-332","page","type-page","status-publish","hentry","entry"],"acf":[],"yoast_head":"<!-- This site is optimized with the Yoast SEO plugin v27.1.1 - https:\/\/yoast.com\/product\/yoast-seo-wordpress\/ -->\n<title>Practical information - La Carri\u00e8re<\/title>\n<meta name=\"robots\" content=\"index, follow, max-snippet:-1, max-image-preview:large, max-video-preview:-1\" \/>\n<link rel=\"canonical\" href=\"https:\/\/lacarriere-events.com\/en\/practical-information\/\" \/>\n<meta property=\"og:locale\" content=\"en_US\" \/>\n<meta property=\"og:type\" content=\"article\" \/>\n<meta property=\"og:title\" content=\"Practical information - La Carri\u00e8re\" \/>\n<meta property=\"og:description\" content=\"Come to La Carri\u00e8re 2 bis, rue du Souvenir Fran\u00e7aisSaint-Herblain, 44 800\" \/>\n<meta property=\"og:url\" content=\"https:\/\/lacarriere-events.com\/en\/practical-information\/\" \/>\n<meta property=\"og:site_name\" content=\"La Carri\u00e8re\" \/>\n<meta property=\"article:modified_time\" content=\"2024-05-13T14:54:56+00:00\" \/>\n<meta property=\"og:image\" content=\"https:\/\/lacarriere-events.com\/wp-content\/uploads\/2024\/05\/practical-information-plan-2.png\" \/>\n<meta name=\"twitter:card\" content=\"summary_large_image\" \/>\n<meta name=\"twitter:label1\" content=\"Est. reading time\" \/>\n\t<meta name=\"twitter:data1\" content=\"1 minute\" \/>\n<script type=\"application\/ld+json\" class=\"yoast-schema-graph\">{\"@context\":\"https:\/\/schema.org\",\"@graph\":[{\"@type\":\"WebPage\",\"@id\":\"https:\/\/lacarriere-events.com\/en\/practical-information\/\",\"url\":\"https:\/\/lacarriere-events.com\/en\/practical-information\/\",\"name\":\"Practical information - La Carri\u00e8re\",\"isPartOf\":{\"@id\":\"https:\/\/lacarriere-events.com\/#website\"},\"primaryImageOfPage\":{\"@id\":\"https:\/\/lacarriere-events.com\/en\/practical-information\/#primaryimage\"},\"image\":{\"@id\":\"https:\/\/lacarriere-events.com\/en\/practical-information\/#primaryimage\"},\"thumbnailUrl\":\"https:\/\/lacarriere-events.com\/wp-content\/uploads\/2024\/05\/practical-information-plan-2.png\",\"datePublished\":\"2023-11-13T09:53:21+00:00\",\"dateModified\":\"2024-05-13T14:54:56+00:00\",\"breadcrumb\":{\"@id\":\"https:\/\/lacarriere-events.com\/en\/practical-information\/#breadcrumb\"},\"inLanguage\":\"en-US\",\"potentialAction\":[{\"@type\":\"ReadAction\",\"target\":[\"https:\/\/lacarriere-events.com\/en\/practical-information\/\"]}]},{\"@type\":\"ImageObject\",\"inLanguage\":\"en-US\",\"@id\":\"https:\/\/lacarriere-events.com\/en\/practical-information\/#primaryimage\",\"url\":\"https:\/\/lacarriere-events.com\/wp-content\/uploads\/2024\/05\/practical-information-plan-2.png\",\"contentUrl\":\"https:\/\/lacarriere-events.com\/wp-content\/uploads\/2024\/05\/practical-information-plan-2.png\"},{\"@type\":\"BreadcrumbList\",\"@id\":\"https:\/\/lacarriere-events.com\/en\/practical-information\/#breadcrumb\",\"itemListElement\":[{\"@type\":\"ListItem\",\"position\":1,\"name\":\"Accueil\",\"item\":\"https:\/\/lacarriere-events.com\/en\/\"},{\"@type\":\"ListItem\",\"position\":2,\"name\":\"Practical information\"}]},{\"@type\":\"WebSite\",\"@id\":\"https:\/\/lacarriere-events.com\/#website\",\"url\":\"https:\/\/lacarriere-events.com\/\",\"name\":\"La Carri\u00e8re\",\"description\":\"\",\"potentialAction\":[{\"@type\":\"SearchAction\",\"target\":{\"@type\":\"EntryPoint\",\"urlTemplate\":\"https:\/\/lacarriere-events.com\/?s={search_term_string}\"},\"query-input\":{\"@type\":\"PropertyValueSpecification\",\"valueRequired\":true,\"valueName\":\"search_term_string\"}}],\"inLanguage\":\"en-US\"}]}<\/script>\n<!-- \/ Yoast SEO plugin. -->","yoast_head_json":{"title":"Practical information - La Carri\u00e8re","robots":{"index":"index","follow":"follow","max-snippet":"max-snippet:-1","max-image-preview":"max-image-preview:large","max-video-preview":"max-video-preview:-1"},"canonical":"https:\/\/lacarriere-events.com\/en\/practical-information\/","og_locale":"en_US","og_type":"article","og_title":"Practical information - La Carri\u00e8re","og_description":"Come to La Carri\u00e8re 2 bis, rue du Souvenir Fran\u00e7aisSaint-Herblain, 44 800","og_url":"https:\/\/lacarriere-events.com\/en\/practical-information\/","og_site_name":"La Carri\u00e8re","article_modified_time":"2024-05-13T14:54:56+00:00","og_image":[{"url":"https:\/\/lacarriere-events.com\/wp-content\/uploads\/2024\/05\/practical-information-plan-2.png","type":"","width":"","height":""}],"twitter_card":"summary_large_image","twitter_misc":{"Est. reading time":"1 minute"},"schema":{"@context":"https:\/\/schema.org","@graph":[{"@type":"WebPage","@id":"https:\/\/lacarriere-events.com\/en\/practical-information\/","url":"https:\/\/lacarriere-events.com\/en\/practical-information\/","name":"Practical information - La Carri\u00e8re","isPartOf":{"@id":"https:\/\/lacarriere-events.com\/#website"},"primaryImageOfPage":{"@id":"https:\/\/lacarriere-events.com\/en\/practical-information\/#primaryimage"},"image":{"@id":"https:\/\/lacarriere-events.com\/en\/practical-information\/#primaryimage"},"thumbnailUrl":"https:\/\/lacarriere-events.com\/wp-content\/uploads\/2024\/05\/practical-information-plan-2.png","datePublished":"2023-11-13T09:53:21+00:00","dateModified":"2024-05-13T14:54:56+00:00","breadcrumb":{"@id":"https:\/\/lacarriere-events.com\/en\/practical-information\/#breadcrumb"},"inLanguage":"en-US","potentialAction":[{"@type":"ReadAction","target":["https:\/\/lacarriere-events.com\/en\/practical-information\/"]}]},{"@type":"ImageObject","inLanguage":"en-US","@id":"https:\/\/lacarriere-events.com\/en\/practical-information\/#primaryimage","url":"https:\/\/lacarriere-events.com\/wp-content\/uploads\/2024\/05\/practical-information-plan-2.png","contentUrl":"https:\/\/lacarriere-events.com\/wp-content\/uploads\/2024\/05\/practical-information-plan-2.png"},{"@type":"BreadcrumbList","@id":"https:\/\/lacarriere-events.com\/en\/practical-information\/#breadcrumb","itemListElement":[{"@type":"ListItem","position":1,"name":"Accueil","item":"https:\/\/lacarriere-events.com\/en\/"},{"@type":"ListItem","position":2,"name":"Practical information"}]},{"@type":"WebSite","@id":"https:\/\/lacarriere-events.com\/#website","url":"https:\/\/lacarriere-events.com\/","name":"La Carri\u00e8re","description":"","potentialAction":[{"@type":"SearchAction","target":{"@type":"EntryPoint","urlTemplate":"https:\/\/lacarriere-events.com\/?s={search_term_string}"},"query-input":{"@type":"PropertyValueSpecification","valueRequired":true,"valueName":"search_term_string"}}],"inLanguage":"en-US"}]}},"_links":{"self":[{"href":"https:\/\/lacarriere-events.com\/en\/wp-json\/wp\/v2\/pages\/332","targetHints":{"allow":["GET"]}}],"collection":[{"href":"https:\/\/lacarriere-events.com\/en\/wp-json\/wp\/v2\/pages"}],"about":[{"href":"https:\/\/lacarriere-events.com\/en\/wp-json\/wp\/v2\/types\/page"}],"author":[{"embeddable":true,"href":"https:\/\/lacarriere-events.com\/en\/wp-json\/wp\/v2\/users\/1"}],"replies":[{"embeddable":true,"href":"https:\/\/lacarriere-events.com\/en\/wp-json\/wp\/v2\/comments?post=332"}],"version-history":[{"count":11,"href":"https:\/\/lacarriere-events.com\/en\/wp-json\/wp\/v2\/pages\/332\/revisions"}],"predecessor-version":[{"id":747,"href":"https:\/\/lacarriere-events.com\/en\/wp-json\/wp\/v2\/pages\/332\/revisions\/747"}],"wp:attachment":[{"href":"https:\/\/lacarriere-events.com\/en\/wp-json\/wp\/v2\/media?parent=332"}],"curies":[{"name":"wp","href":"https:\/\/api.w.org\/{rel}","templated":true}]}}